{"id":341,"date":"2021-03-05T13:23:52","date_gmt":"2021-03-05T12:23:52","guid":{"rendered":"http:\/\/talc2019.uwb.edu.pl\/?page_id=341"},"modified":"2021-03-17T12:55:31","modified_gmt":"2021-03-17T11:55:31","slug":"deklaracja-dostepnosci","status":"publish","type":"page","link":"https:\/\/talc2019.uwb.edu.pl\/index.php\/deklaracja-dostepnosci\/","title":{"rendered":"Deklaracja dost\u0119pno\u015bci"},"content":{"rendered":"\n<p>Uniwersytet w Bia\u0142ymstoku zobowi\u0105zuje si\u0119 zapewni\u0107 dost\u0119pno\u015b\u0107 swojej strony internetowej zgodnie z ustaw\u0105 z dnia 4 kwietnia 2019 r. o dost\u0119pno\u015bci cyfrowej stron internetowych i aplikacji mobilnych podmiot\u00f3w publicznych. O\u015bwiadczenie w sprawie dost\u0119pno\u015bci ma zastosowanie do strony <a href=\"http:\/\/www.talc2019.uwb.edu.pl\">TALC2019<\/a>.<br><br>Data deklaracji: 05.03.2021 r.<br>Data publikacji strony internetowej: 04.03.2019 r. <br>Data ostatniej du\u017cej aktualizacji: 05.03.2021 r. <br><br>Strona internetowa jest cz\u0119\u015bciowo zgodna z ustaw\u0105 o dost\u0119pno\u015bci cyfrowej stron internetowych i aplikacji mobilnych podmiot\u00f3w publicznych.&nbsp;<\/p>\n\n\n\n<p>Deklaracj\u0119 sporz\u0105dzono na podstawie samooceny przeprowadzonej przez podmiot publiczny. Na stronie internetowej mo\u017cna korzysta\u0107 ze standardowych skr\u00f3t\u00f3w klawiaturowych.<\/p>\n\n\n\n<h1 class=\"wp-block-heading\">Informacje zwrotne i dane kontaktowe&nbsp;<\/h1>\n\n\n\n<p>W przypadku problem\u00f3w z dost\u0119pno\u015bci\u0105 strony internetowej prosimy o kontakt. Osob\u0105 odpowiedzialn\u0105 jest webmaster: dr Pawe\u0142 Dziedziul, adres poczty elektronicznej&nbsp;<a href=\"mailto:p.dziedziul@uwb.edu.pl\" target=\"_blank\" rel=\"noreferrer noopener\">p.dziedziul@uwb.edu.pl<\/a>. Kontaktowa\u0107 mo\u017cna si\u0119 tak\u017ce dzwoni\u0105c na numer telefonu +48 661897073. T\u0105 sam\u0105 drog\u0105 mo\u017cna sk\u0142ada\u0107 wnioski o udost\u0119pnienie informacji niedost\u0119pnej oraz sk\u0142ada\u0107 skargi na brak zapewnienia dost\u0119pno\u015bci jak r\u00f3wnie\u017c zg\u0142asza\u0107 b\u0142\u0119dy.&nbsp;<\/p>\n\n\n\n<p>Ka\u017cdy ma prawo do wyst\u0105pienia z \u017c\u0105daniem zapewnienia dost\u0119pno\u015bci cyfrowej strony internetowej, aplikacji mobilnej lub jakiego\u015b ich elementu. Mo\u017cna tak\u017ce za\u017c\u0105da\u0107 udost\u0119pnienia informacji w formach alternatywnych, na przyk\u0142ad odczytanie niedost\u0119pnego cyfrowo dokumentu, opisania zawarto\u015bci filmu bez audiodeskrypcji itp. \u017b\u0105danie powinno zawiera\u0107 dane osoby zg\u0142aszaj\u0105cej \u017c\u0105danie, wskazanie, o kt\u00f3r\u0105 stron\u0119 internetow\u0105 lub aplikacj\u0119 mobiln\u0105 chodzi oraz spos\u00f3b kontaktu. Je\u017celi osoba \u017c\u0105daj\u0105ca zg\u0142asza potrzeb\u0119 otrzymania informacji w formie alternatywnej, powinna tak\u017ce okre\u015bli\u0107 form\u0119 tej informacji.&nbsp;<br><br>Podmiot publiczny powinien zrealizowa\u0107 \u017c\u0105danie niezw\u0142ocznie i nie p\u00f3\u017aniej, ni\u017c w ci\u0105gu 7 dni. Je\u017celi dotrzymanie tego terminu nie jest mo\u017cliwe, podmiot publiczny niezw\u0142ocznie informuje o tym, kiedy realizacja \u017c\u0105dania b\u0119dzie mo\u017cliwa, przy czym termin ten nie mo\u017ce by\u0107 d\u0142u\u017cszy ni\u017c 2 miesi\u0105ce. Je\u017celi zapewnienie dost\u0119pno\u015bci nie jest mo\u017cliwe, podmiot publiczny mo\u017ce zaproponowa\u0107 alternatywny spos\u00f3b dost\u0119pu do informacji.&nbsp;<br><br>W przypadku, gdy podmiot odm\u00f3wi realizacji \u017c\u0105dania zapewnienia dost\u0119pno\u015bci lub alternatywnego dost\u0119pu do informacji, mo\u017cna z\u0142o\u017cy\u0107 skarg\u0119 na takie dzia\u0142anie.&nbsp;<br><br>Po wyczerpaniu wszystkich mo\u017cliwo\u015bci skarg\u0119 mo\u017cna przes\u0142a\u0107 tak\u017ce do Rzecznika Praw Obywatelskich.&nbsp;<\/p>\n\n\n\n<h1 class=\"wp-block-heading\">Dost\u0119pno\u015b\u0107 architektoniczna<\/h1>\n\n\n\n<p><em>Uniwersytet w&nbsp;Bia\u0142ymstoku, Wydzia\u0142 Filologiczny, ul. Plac Niezale\u017cnego Zrzeszenia Student\u00f3w 1, 15-420 Bia\u0142ystok.<\/em><br><\/p>\n\n\n\n<p>Do&nbsp;budynku prowadz\u0105 4 wej\u015bcia \u2013 jedno \u2013 g\u0142\u00f3wne \u2013 bezpo\u015brednio od strony Placu NZS (wej\u015bcie A) a&nbsp;pozosta\u0142e od parkingu wewn\u0119trznego dla&nbsp;pracownik\u00f3w (wjazd od ul. Kalinowskiego \u2013 wej\u015bcia B, C, D). Do&nbsp;wej\u015bcia g\u0142\u00f3wnego &nbsp;prowadz\u0105 schody. Przy&nbsp;schodach do&nbsp;wej\u015bcia z&nbsp;przodu budynku, przy&nbsp;ul. Kalinowskiego (A) znajduje si\u0119 podjazd dla&nbsp;w\u00f3zk\u00f3w.<\/p>\n\n\n\n<p>Dla go\u015bci przeznaczone jest wej\u015bcie od ul. Plac Niezale\u017cnego Zrzeszenia Student\u00f3w 1 (A)\u00a0\u00a0. Przy wej\u015bciu do budynku brak r\u00f3\u017cnicy poziom\u00f3w. Przed wej\u015bciem do budynku jest zmienna faktura, w postaci wewn\u0119trznych wycieraczek. W wiatro\u0142apie pole manewru ma min. 150 x 150 cm.<\/p>\n\n\n\n<p>Recepcja znajduje si\u0119 po&nbsp;lewej stronie od wej\u015bcia od Placu NZS (A).<\/p>\n\n\n\n<p>W&nbsp;budynku znajduje si\u0119 winda oraz&nbsp;platforma dla&nbsp;w\u00f3zk\u00f3w inwalidzkich. Winda wyposa\u017cona jest w&nbsp;por\u0119cz oraz&nbsp;lustro naprzeciwko drzwi wej\u015bciowych, &nbsp;wewn\u0119trzny panel steruj\u0105cy znajduje si\u0119 po&nbsp;lewej stronie od wej\u015bcia. Kabina jest dobrze o\u015bwietlona. Winda wyposa\u017cona jest w&nbsp;informacj\u0119 g\u0142osow\u0105 o&nbsp;przyje\u017adzie windy i&nbsp;o&nbsp;numerze pi\u0119tra, na&nbsp;kt\u00f3rym si\u0119 znajduje. Platforma dla&nbsp;w\u00f3zk\u00f3w inwalidzkich znajduje si\u0119 po&nbsp;prawej stronie od wej\u015bcia g\u0142\u00f3wnego (A) i&nbsp;umo\u017cliwia dostanie si\u0119 na&nbsp;pierwsz\u0105 kondygnacj\u0119 budynku. Aby&nbsp;dosta\u0107 si\u0119 na&nbsp;kolejne pi\u0119tra osoby z&nbsp;niepe\u0142nosprawno\u015bci\u0105 ruchow\u0105 mog\u0105 skorzysta\u0107 z&nbsp;windy znajduj\u0105cej si\u0119 na&nbsp;ko\u0144cu korytarza po&nbsp;prawej stronie od wej\u015bcia g\u0142\u00f3wnego (A).<\/p>\n\n\n\n<p>W&nbsp;budynku znajduj\u0105 si\u0119 trzy kondygnacje. Brak prog\u00f3w na&nbsp;poszczeg\u00f3lnych poziomach. Ci\u0105gi komunikacyjne, maj\u0105 odpowiedni\u0105 szeroko\u015b\u0107, umo\u017cliwiaj\u0105c\u0105 dwukierunkowy ruch. Wyposa\u017cenie korytarzy nie utrudnia poruszania si\u0119. Na&nbsp;korytarzach znajduj\u0105 si\u0119 miejsca odpoczynku.<\/p>\n\n\n\n<p>Toalety dla&nbsp;os\u00f3b niepe\u0142nosprawnych znajduj\u0105 si\u0119 na&nbsp;ka\u017cdym pi\u0119trze. Drzwi toalet oznaczone piktogramem.<\/p>\n\n\n\n<p>Przed budynkiem wyznaczono 3 miejsca parkingowe dla&nbsp;os\u00f3b niepe\u0142nosprawnych.<\/p>\n\n\n\n<p>Do&nbsp;budynku i&nbsp;wszystkich jego pomieszcze\u0144 mo\u017cna wej\u015b\u0107 z&nbsp;psem asystuj\u0105cym i&nbsp;psem przewodnikiem.<\/p>\n\n\n\n<p>Wi\u0119cej informacji o&nbsp;dost\u0119pno\u015bci cyfrowej mo\u017cna znale\u017a\u0107 na&nbsp;<a href=\"https:\/\/www.gov.pl\/web\/dostepnosc-cyfrowa\/\" rel=\"noreferrer noopener\" target=\"_blank\">stronie Ministerstwa Cyfryzacji po\u015bwi\u0119conej dost\u0119pno\u015bci cyfrowej<\/a>.<\/p>\n\n\n\n<p>Wi\u0119cej informacji o dost\u0119pno\u015bci cyfrowej mo\u017cna znale\u017a\u0107 na stronie Ministerstwa Cyfryzacji po\u015bwi\u0119conej dost\u0119pno\u015bci cyfrowej:&nbsp;<a href=\"https:\/\/www.gov.pl\/web\/dostepnosc-cyfrowa\/\">https:\/\/www.gov.pl\/web\/dostepnosc-cyfrowa\/<\/a><\/p>\n","protected":false},"excerpt":{"rendered":"<p>Uniwersytet w Bia\u0142ymstoku zobowi\u0105zuje si\u0119 zapewni\u0107 dost\u0119pno\u015b\u0107 swojej strony internetowej zgodnie z ustaw\u0105 z dnia 4 kwietnia 2019 r. o dost\u0119pno\u015bci cyfrowej stron internetowych i aplikacji mobilnych podmiot\u00f3w publicznych. O\u015bwiadczenie w sprawie dost\u0119pno\u015bci ma zastosowanie do strony TALC2019. Data deklaracji: 05.03.2021 r.Data publikacji strony internetowej: 04.03.2019 r. Data ostatniej du\u017cej aktualizacji: 05.03.2021 r. Strona internetowa [&hellip;]<\/p>\n","protected":false},"author":1,"featured_media":191,"parent":0,"menu_order":0,"comment_status":"closed","ping_status":"closed","template":"","meta":{"footnotes":""},"class_list":["post-341","page","type-page","status-publish","has-post-thumbnail","hentry"],"_links":{"self":[{"href":"https:\/\/talc2019.uwb.edu.pl\/index.php\/wp-json\/wp\/v2\/pages\/341","targetHints":{"allow":["GET"]}}],"collection":[{"href":"https:\/\/talc2019.uwb.edu.pl\/index.php\/wp-json\/wp\/v2\/pages"}],"about":[{"href":"https:\/\/talc2019.uwb.edu.pl\/index.php\/wp-json\/wp\/v2\/types\/page"}],"author":[{"embeddable":true,"href":"https:\/\/talc2019.uwb.edu.pl\/index.php\/wp-json\/wp\/v2\/users\/1"}],"replies":[{"embeddable":true,"href":"https:\/\/talc2019.uwb.edu.pl\/index.php\/wp-json\/wp\/v2\/comments?post=341"}],"version-history":[{"count":4,"href":"https:\/\/talc2019.uwb.edu.pl\/index.php\/wp-json\/wp\/v2\/pages\/341\/revisions"}],"predecessor-version":[{"id":348,"href":"https:\/\/talc2019.uwb.edu.pl\/index.php\/wp-json\/wp\/v2\/pages\/341\/revisions\/348"}],"wp:featuredmedia":[{"embeddable":true,"href":"https:\/\/talc2019.uwb.edu.pl\/index.php\/wp-json\/wp\/v2\/media\/191"}],"wp:attachment":[{"href":"https:\/\/talc2019.uwb.edu.pl\/index.php\/wp-json\/wp\/v2\/media?parent=341"}],"curies":[{"name":"wp","href":"https:\/\/api.w.org\/{rel}","templated":true}]}}