{"id":34,"date":"2019-03-04T11:46:22","date_gmt":"2019-03-04T10:46:22","guid":{"rendered":"http:\/\/talc2019.uwb.edu.pl\/?page_id=34"},"modified":"2019-04-01T12:07:42","modified_gmt":"2019-04-01T10:07:42","slug":"contact","status":"publish","type":"page","link":"https:\/\/talc2019.uwb.edu.pl\/index.php\/contact\/","title":{"rendered":"Contact"},"content":{"rendered":"\n<p><strong>ADDRESS<\/strong><\/p>\n\n\n\n<p><a href=\"http:\/\/filologia.uwb.edu.pl\/iindex.htm\">University of Bia\u0142ystok \u2013 Faculty of Philology<\/a><br><a href=\"http:\/\/neo.uwb.edu.pl\/\">The Institute of Modern Languages<\/a><br>W\u0142adys\u0142awa Liniarskiego 3<br>15-420 Bia\u0142ystok<br><a href=\"https:\/\/goo.gl\/maps\/AMio7pMM7xG2\" target=\"_blank\" rel=\"noreferrer noopener\">Google map<\/a><\/p>\n\n\n\n<p><strong>&nbsp;<\/strong><strong>CONFERENCE\nE-MAIL: <\/strong><\/p>\n\n\n\n<ul class=\"wp-block-list\"><li>neofilologia.uwb [at] gmail.com<\/li><\/ul>\n\n\n\n<p><strong>CONTACT FORM<\/strong><\/p>\n\n\n\n\n<div class=\"wpcf7 no-js\" id=\"wpcf7-f196-o1\" lang=\"pl-PL\" dir=\"ltr\" data-wpcf7-id=\"196\">\n<div class=\"screen-reader-response\"><p role=\"status\" aria-live=\"polite\" aria-atomic=\"true\"><\/p> <ul><\/ul><\/div>\n<form action=\"\/index.php\/wp-json\/wp\/v2\/pages\/34#wpcf7-f196-o1\" method=\"post\" class=\"wpcf7-form init\" aria-label=\"Formularz kontaktowy\" novalidate=\"novalidate\" data-status=\"init\">\n<fieldset class=\"hidden-fields-container\"><input type=\"hidden\" name=\"_wpcf7\" value=\"196\" \/><input type=\"hidden\" name=\"_wpcf7_version\" value=\"6.1.5\" \/><input type=\"hidden\" name=\"_wpcf7_locale\" value=\"pl_PL\" \/><input type=\"hidden\" name=\"_wpcf7_unit_tag\" value=\"wpcf7-f196-o1\" \/><input type=\"hidden\" name=\"_wpcf7_container_post\" value=\"0\" \/><input type=\"hidden\" name=\"_wpcf7_posted_data_hash\" value=\"\" \/>\n<\/fieldset>\n<p><label> Full Name (required)<br \/>\n<span class=\"wpcf7-form-control-wrap\" data-name=\"your-name\"><input size=\"40\" maxlength=\"400\" class=\"wpcf7-form-control wpcf7-text wpcf7-validates-as-required\" aria-required=\"true\" aria-invalid=\"false\" value=\"\" type=\"text\" name=\"your-name\" \/><\/span> <\/label>\n<\/p>\n<p><label> Email (required)<br \/>\n<span class=\"wpcf7-form-control-wrap\" data-name=\"your-email\"><input size=\"40\" maxlength=\"400\" class=\"wpcf7-form-control wpcf7-email wpcf7-validates-as-required wpcf7-text wpcf7-validates-as-email\" aria-required=\"true\" aria-invalid=\"false\" value=\"\" type=\"email\" name=\"your-email\" \/><\/span> <\/label>\n<\/p>\n<p><label> Subject<br \/>\n<span class=\"wpcf7-form-control-wrap\" data-name=\"your-subject\"><input size=\"40\" maxlength=\"400\" class=\"wpcf7-form-control wpcf7-text\" aria-invalid=\"false\" value=\"\" type=\"text\" name=\"your-subject\" \/><\/span> <\/label>\n<\/p>\n<p><label> Message<br \/>\n<span class=\"wpcf7-form-control-wrap\" data-name=\"your-message\"><textarea cols=\"40\" rows=\"10\" maxlength=\"2000\" class=\"wpcf7-form-control wpcf7-textarea\" aria-invalid=\"false\" name=\"your-message\"><\/textarea><\/span> <\/label>\n<\/p>\n<p><input class=\"wpcf7-form-control wpcf7-submit has-spinner\" type=\"submit\" value=\"Send\" \/>\n<\/p><div class=\"wpcf7-response-output\" aria-hidden=\"true\"><\/div>\n<\/form>\n<\/div>\n\n","protected":false},"excerpt":{"rendered":"<p>ADDRESS University of Bia\u0142ystok \u2013 Faculty of PhilologyThe Institute of Modern LanguagesW\u0142adys\u0142awa Liniarskiego 315-420 Bia\u0142ystokGoogle map &nbsp;CONFERENCE E-MAIL: neofilologia.uwb [at] gmail.com CONTACT FORM<\/p>\n","protected":false},"author":1,"featured_media":218,"parent":0,"menu_order":0,"comment_status":"closed","ping_status":"closed","template":"","meta":{"footnotes":""},"class_list":["post-34","page","type-page","status-publish","has-post-thumbnail","hentry"],"_links":{"self":[{"href":"https:\/\/talc2019.uwb.edu.pl\/index.php\/wp-json\/wp\/v2\/pages\/34","targetHints":{"allow":["GET"]}}],"collection":[{"href":"https:\/\/talc2019.uwb.edu.pl\/index.php\/wp-json\/wp\/v2\/pages"}],"about":[{"href":"https:\/\/talc2019.uwb.edu.pl\/index.php\/wp-json\/wp\/v2\/types\/page"}],"author":[{"embeddable":true,"href":"https:\/\/talc2019.uwb.edu.pl\/index.php\/wp-json\/wp\/v2\/users\/1"}],"replies":[{"embeddable":true,"href":"https:\/\/talc2019.uwb.edu.pl\/index.php\/wp-json\/wp\/v2\/comments?post=34"}],"version-history":[{"count":8,"href":"https:\/\/talc2019.uwb.edu.pl\/index.php\/wp-json\/wp\/v2\/pages\/34\/revisions"}],"predecessor-version":[{"id":254,"href":"https:\/\/talc2019.uwb.edu.pl\/index.php\/wp-json\/wp\/v2\/pages\/34\/revisions\/254"}],"wp:featuredmedia":[{"embeddable":true,"href":"https:\/\/talc2019.uwb.edu.pl\/index.php\/wp-json\/wp\/v2\/media\/218"}],"wp:attachment":[{"href":"https:\/\/talc2019.uwb.edu.pl\/index.php\/wp-json\/wp\/v2\/media?parent=34"}],"curies":[{"name":"wp","href":"https:\/\/api.w.org\/{rel}","templated":true}]}}