{"id":28,"date":"2019-03-04T11:45:33","date_gmt":"2019-03-04T10:45:33","guid":{"rendered":"http:\/\/talc2019.uwb.edu.pl\/?page_id=28"},"modified":"2019-04-01T11:55:48","modified_gmt":"2019-04-01T09:55:48","slug":"travel-and-accommodation","status":"publish","type":"page","link":"https:\/\/talc2019.uwb.edu.pl\/index.php\/travel-and-accommodation\/","title":{"rendered":"Travel and accommodation"},"content":{"rendered":"\n<p><strong>VENUE<\/strong><a href=\"http:\/\/neo.uwb.edu.pl\/the1st\/abstracts.pdf\"><strong><\/strong><\/a><\/p>\n\n\n\n<ul class=\"wp-block-list\"><li><strong><a href=\"http:\/\/neo.uwb.edu.pl\/the1st\/abstracts.pdf\">Ksi\u0105\u017cnica Podlaska im. \u0141ukasza G\u00f3rnickiego w Bia\u0142ymstoku, ul. M.\n     Sk\u0142odowskiej-Curie 14A, 15-001 Bia\u0142ystok, POLAND<\/a><\/strong><\/li><\/ul>\n","protected":false},"excerpt":{"rendered":"<p>VENUE Ksi\u0105\u017cnica Podlaska im. \u0141ukasza G\u00f3rnickiego w Bia\u0142ymstoku, ul. M. Sk\u0142odowskiej-Curie 14A, 15-001 Bia\u0142ystok, POLAND<\/p>\n","protected":false},"author":1,"featured_media":188,"parent":0,"menu_order":0,"comment_status":"closed","ping_status":"closed","template":"","meta":{"footnotes":""},"class_list":["post-28","page","type-page","status-publish","has-post-thumbnail","hentry"],"_links":{"self":[{"href":"https:\/\/talc2019.uwb.edu.pl\/index.php\/wp-json\/wp\/v2\/pages\/28","targetHints":{"allow":["GET"]}}],"collection":[{"href":"https:\/\/talc2019.uwb.edu.pl\/index.php\/wp-json\/wp\/v2\/pages"}],"about":[{"href":"https:\/\/talc2019.uwb.edu.pl\/index.php\/wp-json\/wp\/v2\/types\/page"}],"author":[{"embeddable":true,"href":"https:\/\/talc2019.uwb.edu.pl\/index.php\/wp-json\/wp\/v2\/users\/1"}],"replies":[{"embeddable":true,"href":"https:\/\/talc2019.uwb.edu.pl\/index.php\/wp-json\/wp\/v2\/comments?post=28"}],"version-history":[{"count":3,"href":"https:\/\/talc2019.uwb.edu.pl\/index.php\/wp-json\/wp\/v2\/pages\/28\/revisions"}],"predecessor-version":[{"id":246,"href":"https:\/\/talc2019.uwb.edu.pl\/index.php\/wp-json\/wp\/v2\/pages\/28\/revisions\/246"}],"wp:featuredmedia":[{"embeddable":true,"href":"https:\/\/talc2019.uwb.edu.pl\/index.php\/wp-json\/wp\/v2\/media\/188"}],"wp:attachment":[{"href":"https:\/\/talc2019.uwb.edu.pl\/index.php\/wp-json\/wp\/v2\/media?parent=28"}],"curies":[{"name":"wp","href":"https:\/\/api.w.org\/{rel}","templated":true}]}}